{"id":109,"date":"2017-01-31T20:37:26","date_gmt":"2017-01-31T20:37:26","guid":{"rendered":"http:\/\/madnet.dfirma.pl\/?page_id=109"},"modified":"2017-01-31T20:58:55","modified_gmt":"2017-01-31T20:58:55","slug":"internet","status":"publish","type":"page","link":"https:\/\/madnet.dfirma.pl\/?page_id=109","title":{"rendered":"Internet"},"content":{"rendered":"<p>\u015awiadczymy us\u0142ugi dost\u0119pu do internetu bezprzewodowego oraz kablowego na terenie gminy Trzebiat\u00f3w.<\/p>\n<p>Zasi\u0119g obejmuje m.in. miejscowo\u015bci: Mrze\u017cyno, Trzebiat\u00f3w, Nowielice, Rogowo, Zapolice, W\u0142odarka, Trzebusz, Sadlno, Rogozina, Roby, Miros\u0142awice, Gorzys\u0142aw, G\u0105bin, Bieczyno.<\/p>\n","protected":false},"excerpt":{"rendered":"<p>\u015awiadczymy us\u0142ugi dost\u0119pu do internetu bezprzewodowego oraz kablowego na terenie gminy Trzebiat\u00f3w. Zasi\u0119g obejmuje m.in. miejscowo\u015bci: Mrze\u017cyno, Trzebiat\u00f3w, Nowielice, Rogowo, Zapolice, W\u0142odarka, Trzebusz, Sadlno, Rogozina, Roby, Miros\u0142awice, Gorzys\u0142aw, G\u0105bin, Bieczyno.<\/p>\n","protected":false},"author":1,"featured_media":0,"parent":0,"menu_order":0,"comment_status":"closed","ping_status":"closed","template":"","meta":[],"_links":{"self":[{"href":"https:\/\/madnet.dfirma.pl\/index.php?rest_route=\/wp\/v2\/pages\/109"}],"collection":[{"href":"https:\/\/madnet.dfirma.pl\/index.php?rest_route=\/wp\/v2\/pages"}],"about":[{"href":"https:\/\/madnet.dfirma.pl\/index.php?rest_route=\/wp\/v2\/types\/page"}],"author":[{"embeddable":true,"href":"https:\/\/madnet.dfirma.pl\/index.php?rest_route=\/wp\/v2\/users\/1"}],"replies":[{"embeddable":true,"href":"https:\/\/madnet.dfirma.pl\/index.php?rest_route=%2Fwp%2Fv2%2Fcomments&post=109"}],"version-history":[{"count":2,"href":"https:\/\/madnet.dfirma.pl\/index.php?rest_route=\/wp\/v2\/pages\/109\/revisions"}],"predecessor-version":[{"id":116,"href":"https:\/\/madnet.dfirma.pl\/index.php?rest_route=\/wp\/v2\/pages\/109\/revisions\/116"}],"wp:attachment":[{"href":"https:\/\/madnet.dfirma.pl\/index.php?rest_route=%2Fwp%2Fv2%2Fmedia&parent=109"}],"curies":[{"name":"wp","href":"https:\/\/api.w.org\/{rel}","templated":true}]}}