{"id":111,"date":"2017-01-31T20:37:43","date_gmt":"2017-01-31T20:37:43","guid":{"rendered":"http:\/\/madnet.dfirma.pl\/?page_id=111"},"modified":"2017-10-03T19:07:26","modified_gmt":"2017-10-03T19:07:26","slug":"telewizja","status":"publish","type":"page","link":"https:\/\/madnet.dfirma.pl\/?page_id=111","title":{"rendered":"Telewizja"},"content":{"rendered":"<p><a href=\"http:\/\/madnet.dfirma.pl\/wp-content\/uploads\/2017\/01\/banner-800x400_01.jpg\"><img loading=\"lazy\" class=\"wp-image-137 size-full alignnone\" src=\"http:\/\/madnet.dfirma.pl\/wp-content\/uploads\/2017\/01\/banner-800x400_01.jpg\" width=\"800\" height=\"400\" srcset=\"https:\/\/madnet.dfirma.pl\/wp-content\/uploads\/2017\/01\/banner-800x400_01.jpg 800w, https:\/\/madnet.dfirma.pl\/wp-content\/uploads\/2017\/01\/banner-800x400_01-300x150.jpg 300w, https:\/\/madnet.dfirma.pl\/wp-content\/uploads\/2017\/01\/banner-800x400_01-768x384.jpg 768w\" sizes=\"(max-width: 800px) 100vw, 800px\" \/><\/a><\/p>\n<p><strong>Najbogatszy wyb\u00f3r kana\u0142\u00f3w.<\/strong><\/p>\n<p>Co powiesz na 250 kana\u0142\u00f3w telewizyjnych, z czego a\u017c ponad 100\u00a0w jako\u015bci HD? W tym \u015bwietle wyb\u00f3r najnowocze\u015bniejszej technologii \u015bwiat\u0142owodowej jest raczej oczywisty. Dla Twojej wygody kana\u0142y zosta\u0142y podzielone na 4 pakiety.<\/p>\n<p><strong>Na kilku ekranach jednocze\u015bnie<\/strong>.<\/p>\n<p>Ogl\u0105daj swoje ulubione programy, transmisje sportowe i filmy \u2013 kiedy chcesz i na czym tylko chcesz. I nie ma znaczenia, \u017ce pozosta\u0142ych domownik\u00f3w w\u0142a\u015bnie co\u015b o\u015bwieci\u0142o i chc\u0105 zobaczy\u0107 inne programy na drugim telewizorze, tablecie czy smartfonie. W tej technologii wszystko jest mo\u017cliwe.<\/p>\n<p><strong>Krystaliczna jako\u015b\u0107 obrazu<\/strong>.<\/p>\n<p>Twoje \u0142\u0105cze \u015bwiat\u0142owodowe mo\u017ce zapewni\u0107 Ci niesamowite wra\u017cenia z ogl\u0105dania program\u00f3w w jako\u015bci Full HD. Powiniene\u015b tak\u017ce wiedzie\u0107, \u017ce ju\u017c teraz mo\u017cliwe jest przesy\u0142anie \u015bwiat\u0142owodem obrazu w niespotykanej dot\u0105d jako\u015bci \u2013 4K. Tak! Wy\u015bwietlaj\u0105 si\u0119 przed Tob\u0105 zupe\u0142nie nowe mo\u017cliwo\u015bci, szczeg\u00f3lnie je\u015bli chodzi o najwy\u017csz\u0105 jako\u015b\u0107 obrazu.<\/p>\n<p><strong>Multimedialny dekoder<\/strong>.<\/p>\n<p>Mo\u017cesz nagrywa\u0107, przewija\u0107 i zatrzymywa\u0107 swoje ulubione programy &#8211; dzi\u0119ki us\u0142udze domowej nagrywarki. Mo\u017cesz te\u017c obejrze\u0107 swoje ulubione audycje nawet 3 dni do ty\u0142u. Wszystko jest mo\u017cliwe dzi\u0119ki nowoczesnemu, zaawansowanemu technologicznie dekoderowi.<\/p>\n<p><strong>Lista kana\u0142\u00f3w.<\/strong><\/p>\n<p><a href=\"http:\/\/madnet.dfirma.pl\/wp-content\/uploads\/2017\/01\/20170201_EVIO_lista_kanalowa.jpg\"><img loading=\"lazy\" class=\"alignnone size-medium wp-image-117\" src=\"http:\/\/madnet.dfirma.pl\/wp-content\/uploads\/2017\/01\/20170201_EVIO_lista_kanalowa-212x300.jpg\" alt=\"\" width=\"212\" height=\"300\" srcset=\"https:\/\/madnet.dfirma.pl\/wp-content\/uploads\/2017\/01\/20170201_EVIO_lista_kanalowa-212x300.jpg 212w, https:\/\/madnet.dfirma.pl\/wp-content\/uploads\/2017\/01\/20170201_EVIO_lista_kanalowa-768x1086.jpg 768w, https:\/\/madnet.dfirma.pl\/wp-content\/uploads\/2017\/01\/20170201_EVIO_lista_kanalowa-724x1024.jpg 724w\" sizes=\"(max-width: 212px) 100vw, 212px\" \/><\/a><\/p>\n<p>&nbsp;<\/p>\n","protected":false},"excerpt":{"rendered":"<p>Najbogatszy wyb\u00f3r kana\u0142\u00f3w. Co powiesz na 250 kana\u0142\u00f3w telewizyjnych, z czego a\u017c ponad 100\u00a0w jako\u015bci HD? W tym \u015bwietle wyb\u00f3r najnowocze\u015bniejszej technologii \u015bwiat\u0142owodowej jest raczej oczywisty. Dla Twojej wygody kana\u0142y zosta\u0142y podzielone na 4 pakiety. Na kilku ekranach jednocze\u015bnie. Ogl\u0105daj swoje ulubione programy, transmisje sportowe i filmy \u2013 kiedy chcesz i na czym tylko chcesz.&hellip;<\/p>\n","protected":false},"author":1,"featured_media":0,"parent":0,"menu_order":0,"comment_status":"closed","ping_status":"closed","template":"","meta":[],"_links":{"self":[{"href":"https:\/\/madnet.dfirma.pl\/index.php?rest_route=\/wp\/v2\/pages\/111"}],"collection":[{"href":"https:\/\/madnet.dfirma.pl\/index.php?rest_route=\/wp\/v2\/pages"}],"about":[{"href":"https:\/\/madnet.dfirma.pl\/index.php?rest_route=\/wp\/v2\/types\/page"}],"author":[{"embeddable":true,"href":"https:\/\/madnet.dfirma.pl\/index.php?rest_route=\/wp\/v2\/users\/1"}],"replies":[{"embeddable":true,"href":"https:\/\/madnet.dfirma.pl\/index.php?rest_route=%2Fwp%2Fv2%2Fcomments&post=111"}],"version-history":[{"count":25,"href":"https:\/\/madnet.dfirma.pl\/index.php?rest_route=\/wp\/v2\/pages\/111\/revisions"}],"predecessor-version":[{"id":197,"href":"https:\/\/madnet.dfirma.pl\/index.php?rest_route=\/wp\/v2\/pages\/111\/revisions\/197"}],"wp:attachment":[{"href":"https:\/\/madnet.dfirma.pl\/index.php?rest_route=%2Fwp%2Fv2%2Fmedia&parent=111"}],"curies":[{"name":"wp","href":"https:\/\/api.w.org\/{rel}","templated":true}]}}