{"id":20,"date":"2017-01-19T11:23:04","date_gmt":"2017-01-19T11:23:04","guid":{"rendered":"http:\/\/madnet.dfirma.pl\/?page_id=20"},"modified":"2017-01-31T22:49:49","modified_gmt":"2017-01-31T22:49:49","slug":"o-nas","status":"publish","type":"page","link":"https:\/\/madnet.dfirma.pl\/?page_id=20","title":{"rendered":"O nas"},"content":{"rendered":"<p>Witamy serdecznie na stronie firmy Mad-Net, oferuj\u0105cej szeroko poj\u0119te us\u0142ugi informatyczne dla firm i klient\u00f3w indywidualnych, a\u00a0tak\u017ce \u015bwiadcz\u0105cej us\u0142ugi bezprzewodowego i kablowego dost\u0119pu do internetu oraz telewizji cyfrowej.<\/p>\n<p>Korzystaj\u0105c z naszych us\u0142ug macie Pa\u0144stwo pewno\u015b\u0107, \u017ce powierzone nam zadanie wykonamy z pe\u0142n\u0105 rzetelno\u015bci\u0105 i\u00a0zaanga\u017cowaniem, podchodz\u0105c indywidualnie do ka\u017cdego problemu.<\/p>\n<p>Zapraszamy do skorzystania z naszej oferty.<\/p>\n","protected":false},"excerpt":{"rendered":"<p>Witamy serdecznie na stronie firmy Mad-Net, oferuj\u0105cej szeroko poj\u0119te us\u0142ugi informatyczne dla firm i klient\u00f3w indywidualnych, a\u00a0tak\u017ce \u015bwiadcz\u0105cej us\u0142ugi bezprzewodowego i kablowego dost\u0119pu do internetu oraz telewizji cyfrowej. Korzystaj\u0105c z naszych us\u0142ug macie Pa\u0144stwo pewno\u015b\u0107, \u017ce powierzone nam zadanie wykonamy z pe\u0142n\u0105 rzetelno\u015bci\u0105 i\u00a0zaanga\u017cowaniem, podchodz\u0105c indywidualnie do ka\u017cdego problemu. Zapraszamy do skorzystania z naszej oferty.<\/p>\n","protected":false},"author":1,"featured_media":0,"parent":0,"menu_order":0,"comment_status":"closed","ping_status":"closed","template":"","meta":[],"_links":{"self":[{"href":"https:\/\/madnet.dfirma.pl\/index.php?rest_route=\/wp\/v2\/pages\/20"}],"collection":[{"href":"https:\/\/madnet.dfirma.pl\/index.php?rest_route=\/wp\/v2\/pages"}],"about":[{"href":"https:\/\/madnet.dfirma.pl\/index.php?rest_route=\/wp\/v2\/types\/page"}],"author":[{"embeddable":true,"href":"https:\/\/madnet.dfirma.pl\/index.php?rest_route=\/wp\/v2\/users\/1"}],"replies":[{"embeddable":true,"href":"https:\/\/madnet.dfirma.pl\/index.php?rest_route=%2Fwp%2Fv2%2Fcomments&post=20"}],"version-history":[{"count":4,"href":"https:\/\/madnet.dfirma.pl\/index.php?rest_route=\/wp\/v2\/pages\/20\/revisions"}],"predecessor-version":[{"id":171,"href":"https:\/\/madnet.dfirma.pl\/index.php?rest_route=\/wp\/v2\/pages\/20\/revisions\/171"}],"wp:attachment":[{"href":"https:\/\/madnet.dfirma.pl\/index.php?rest_route=%2Fwp%2Fv2%2Fmedia&parent=20"}],"curies":[{"name":"wp","href":"https:\/\/api.w.org\/{rel}","templated":true}]}}