{"id":21,"date":"2017-01-19T11:23:04","date_gmt":"2017-01-19T11:23:04","guid":{"rendered":"http:\/\/madnet.dfirma.pl\/?page_id=21"},"modified":"2017-01-19T12:59:26","modified_gmt":"2017-01-19T12:59:26","slug":"oferta","status":"publish","type":"page","link":"https:\/\/madnet.dfirma.pl\/?page_id=21","title":{"rendered":"Oferta"},"content":{"rendered":"<ul>\n<li>Dostarczanie internetu na terenie gminy Trzebiat\u00f3w (bezprzewodowy, kablowy)<\/li>\n<li>Dostarczanie sygna\u0142u telewizji kablowej<\/li>\n<li>Tworzenie stron internetowych<\/li>\n<li>Us\u0142ugi hostingowe (serwery www, domeny)<\/li>\n<li>Instalacja i konfiguracja oprogramowania<\/li>\n<li>Naprawa, rozbudowa sprz\u0119tu komputerowego<\/li>\n<li>Umowy serwisowe dla firm (Outsourcing)<\/li>\n<li>Odzyskiwanie utraconych danych<\/li>\n<li>Archiwizacja danych (zabezpieczenie przed utrat\u0105 danych)<\/li>\n<li>Instalacja i konfiguracja serwer\u00f3w, router\u00f3w, urz\u0105dze\u0144 sieciowych<\/li>\n<li>Budowa lokalnych sieci komputerowych z dost\u0119pem do sieci internet<\/li>\n<li>Administracja sieci komputerowych, kablowych i bezprzewodowych<\/li>\n<li>Instalacja i serwis system\u00f3w alarmowych<\/li>\n<li>Monta\u017c instalacji antenowych TV i SAT<\/li>\n<\/ul>\n","protected":false},"excerpt":{"rendered":"<p>Dostarczanie internetu na terenie gminy Trzebiat\u00f3w (bezprzewodowy, kablowy) Dostarczanie sygna\u0142u telewizji kablowej Tworzenie stron internetowych Us\u0142ugi hostingowe (serwery www, domeny) Instalacja i konfiguracja oprogramowania Naprawa, rozbudowa sprz\u0119tu komputerowego Umowy serwisowe dla firm (Outsourcing) Odzyskiwanie utraconych danych Archiwizacja danych (zabezpieczenie przed utrat\u0105 danych) Instalacja i konfiguracja serwer\u00f3w, router\u00f3w, urz\u0105dze\u0144 sieciowych Budowa lokalnych sieci komputerowych z dost\u0119pem&hellip;<\/p>\n","protected":false},"author":1,"featured_media":0,"parent":0,"menu_order":0,"comment_status":"closed","ping_status":"closed","template":"","meta":[],"_links":{"self":[{"href":"https:\/\/madnet.dfirma.pl\/index.php?rest_route=\/wp\/v2\/pages\/21"}],"collection":[{"href":"https:\/\/madnet.dfirma.pl\/index.php?rest_route=\/wp\/v2\/pages"}],"about":[{"href":"https:\/\/madnet.dfirma.pl\/index.php?rest_route=\/wp\/v2\/types\/page"}],"author":[{"embeddable":true,"href":"https:\/\/madnet.dfirma.pl\/index.php?rest_route=\/wp\/v2\/users\/1"}],"replies":[{"embeddable":true,"href":"https:\/\/madnet.dfirma.pl\/index.php?rest_route=%2Fwp%2Fv2%2Fcomments&post=21"}],"version-history":[{"count":5,"href":"https:\/\/madnet.dfirma.pl\/index.php?rest_route=\/wp\/v2\/pages\/21\/revisions"}],"predecessor-version":[{"id":54,"href":"https:\/\/madnet.dfirma.pl\/index.php?rest_route=\/wp\/v2\/pages\/21\/revisions\/54"}],"wp:attachment":[{"href":"https:\/\/madnet.dfirma.pl\/index.php?rest_route=%2Fwp%2Fv2%2Fmedia&parent=21"}],"curies":[{"name":"wp","href":"https:\/\/api.w.org\/{rel}","templated":true}]}}