{"id":51,"date":"2017-01-19T12:58:15","date_gmt":"2017-01-19T12:58:15","guid":{"rendered":"http:\/\/madnet.dfirma.pl\/?page_id=51"},"modified":"2017-10-03T19:11:00","modified_gmt":"2017-10-03T19:11:00","slug":"cennik","status":"publish","type":"page","link":"https:\/\/madnet.dfirma.pl\/?page_id=51","title":{"rendered":"Cennik"},"content":{"rendered":"<p>Cennik us\u0142ug dost\u0119pu do Internetu bezprzewodowego oraz kablowego na terenie gminy Trzebiat\u00f3w.<\/p>\n<p>Zasi\u0119g obejmuje m.in. miejscowo\u015bci: Mrze\u017cyno, Trzebiat\u00f3w, Nowielice, Rogowo, Zapolice, W\u0142odarka, Trzebusz, Sadlno, Rogozina, Roby, Miros\u0142awice, Gorzys\u0142aw, G\u0105bin, Bieczyno.<\/p>\n<p>&nbsp;<\/p>\n<p>Wi-Fi<\/p>\n<table style=\"height: 341px;\" border=\"1\" width=\"679\" align=\"center\">\n<tbody align=\"center\">\n<tr>\n<td width=\"147\"><\/td>\n<td width=\"72\">\n<p style=\"text-align: center;\"><strong>Internet <\/strong><strong><br \/>\nAIR-10M<\/strong><\/p>\n<\/td>\n<td width=\"74\">\n<p style=\"text-align: center;\"><strong>Internet <\/strong><strong><br \/>\nAIR-20M<\/strong><\/p>\n<\/td>\n<td width=\"74\">\n<p style=\"text-align: center;\"><strong>Internet <\/strong><strong><br \/>\nAIR-30M<\/strong><\/p>\n<\/td>\n<td width=\"83\">\n<p style=\"text-align: center;\"><strong>Internet <\/strong><strong><br \/>\nAIR-40M<\/strong><\/p>\n<\/td>\n<td width=\"98\">\n<p style=\"text-align: center;\"><strong>Internet <\/strong><strong><br \/>\nAIR-60M<\/strong><\/p>\n<\/td>\n<\/tr>\n<tr>\n<td width=\"147\">\n<p style=\"text-align: center;\">Pr\u0119dko\u015b\u0107 pobierania<br \/>\ndanych:<\/p>\n<\/td>\n<td width=\"72\">\n<p style=\"text-align: center;\">10 Mbit\/s<\/p>\n<\/td>\n<td width=\"74\">\n<p style=\"text-align: center;\">20 Mbit\/s<\/p>\n<\/td>\n<td width=\"74\">\n<p style=\"text-align: center;\">30 Mbit\/s<\/p>\n<\/td>\n<td width=\"83\">\n<p style=\"text-align: center;\">40 Mbit\/s<\/p>\n<\/td>\n<td width=\"98\">\n<p style=\"text-align: center;\">60 Mbit\/s<\/p>\n<\/td>\n<\/tr>\n<tr>\n<td width=\"147\">\n<p style=\"text-align: center;\">Pr\u0119dko\u015b\u0107 wysy\u0142ania<br \/>\ndanych:<\/p>\n<\/td>\n<td width=\"72\">\n<p style=\"text-align: center;\">2 Mbit\/s<\/p>\n<\/td>\n<td width=\"74\">\n<p style=\"text-align: center;\">2 Mbit\/s<\/p>\n<\/td>\n<td width=\"74\">\n<p style=\"text-align: center;\">2 Mbit\/s<\/p>\n<\/td>\n<td width=\"83\">\n<p style=\"text-align: center;\">4 Mbit\/s<\/p>\n<\/td>\n<td width=\"98\">\n<p style=\"text-align: center;\">6 Mbit\/s<\/p>\n<\/td>\n<\/tr>\n<tr>\n<td width=\"147\">\n<p style=\"text-align: center;\">Abonament \u2013<br \/>\numowa 24 m-ce<\/p>\n<\/td>\n<td width=\"72\">\n<p style=\"text-align: center;\"><strong>49 z\u0142.<\/strong><\/p>\n<\/td>\n<td width=\"74\">\n<p style=\"text-align: center;\"><strong>54 z\u0142.<\/strong><\/p>\n<\/td>\n<td width=\"74\">\n<p style=\"text-align: center;\"><strong>64 z\u0142.<\/strong><\/p>\n<\/td>\n<td width=\"83\">\n<p style=\"text-align: center;\"><strong>74 z\u0142.<\/strong><\/p>\n<\/td>\n<td width=\"98\">\n<p style=\"text-align: center;\"><strong>84 z\u0142.<\/strong><\/p>\n<\/td>\n<\/tr>\n<tr>\n<td width=\"147\">\n<p style=\"text-align: center;\">Abonament \u2013<br \/>\numowa 12 m-cy<\/p>\n<\/td>\n<td width=\"72\">\n<p style=\"text-align: center;\">59 z\u0142.<\/p>\n<\/td>\n<td width=\"74\">\n<p style=\"text-align: center;\">64 z\u0142.<\/p>\n<\/td>\n<td width=\"74\">\n<p style=\"text-align: center;\">74 z\u0142.<\/p>\n<\/td>\n<td width=\"83\">\n<p style=\"text-align: center;\">84 z\u0142.<\/p>\n<\/td>\n<td width=\"98\">\n<p style=\"text-align: center;\">94 z\u0142.<\/p>\n<\/td>\n<\/tr>\n<\/tbody>\n<\/table>\n<p>&nbsp;<\/p>\n<p>LAN<\/p>\n<table border=\"1\" width=\"680\" align=\"center\">\n<tbody>\n<tr>\n<td width=\"147\"><\/td>\n<td width=\"71\">\n<p style=\"text-align: center;\"><strong>Internet <\/strong><strong><br \/>\nLAN-20M<\/strong><\/p>\n<\/td>\n<td width=\"71\">\n<p style=\"text-align: center;\"><strong>Internet <\/strong><strong><br \/>\nLAN-40M<\/strong><\/p>\n<\/td>\n<td width=\"71\">\n<p style=\"text-align: center;\"><strong>Internet <\/strong><strong><br \/>\nLAN-60M<\/strong><\/p>\n<\/td>\n<td width=\"82\">\n<p style=\"text-align: center;\"><strong>Internet <\/strong><strong><br \/>\nLAN-80M<\/strong><\/p>\n<\/td>\n<td width=\"106\">\n<p style=\"text-align: center;\"><strong>Internet <\/strong><strong><br \/>\nLAN-120M<\/strong><\/p>\n<\/td>\n<\/tr>\n<tr>\n<td style=\"text-align: center;\" width=\"147\">Pr\u0119dko\u015b\u0107 pobierania<br \/>\ndanych:<\/td>\n<td style=\"text-align: center;\" width=\"71\">20 Mbit\/s<\/td>\n<td width=\"71\">40 Mbit\/s<\/td>\n<td width=\"71\">60 Mbit\/s<\/td>\n<td width=\"82\">80 Mbit\/s<\/td>\n<td width=\"106\">120 Mbit\/s<\/td>\n<\/tr>\n<tr>\n<td style=\"text-align: center;\" width=\"147\">Pr\u0119dko\u015b\u0107 wysy\u0142ania<br \/>\ndanych:<\/td>\n<td style=\"text-align: center;\" width=\"71\">2 Mbit\/s<\/td>\n<td width=\"71\">4 Mbit\/s<\/td>\n<td width=\"71\">10 Mbit\/s<\/td>\n<td width=\"82\">10 Mbit\/s<\/td>\n<td width=\"106\">20 Mbit\/s<\/td>\n<\/tr>\n<tr>\n<td style=\"text-align: center;\" width=\"147\">Abonament \u2013<br \/>\numowa 24 m-ce<\/td>\n<td style=\"text-align: center;\" width=\"71\"><strong>49 z\u0142.<\/strong><\/td>\n<td width=\"71\"><strong>54 z\u0142.<\/strong><\/td>\n<td width=\"71\"><strong>59 z\u0142.<\/strong><\/td>\n<td width=\"82\"><strong>69 z\u0142.<\/strong><\/td>\n<td width=\"106\"><strong>79 z\u0142.<\/strong><\/td>\n<\/tr>\n<tr>\n<td style=\"text-align: center;\" width=\"147\">Abonament \u2013<br \/>\numowa 12 m-cy<\/td>\n<td style=\"text-align: center;\" width=\"71\">59 z\u0142.<\/td>\n<td width=\"71\">64 z\u0142.<\/td>\n<td width=\"71\">69 z\u0142.<\/td>\n<td width=\"82\">79 z\u0142.<\/td>\n<td width=\"106\">89 z\u0142.<\/td>\n<\/tr>\n<\/tbody>\n<\/table>\n<p>&nbsp;<\/p>\n<p>Abonament na czas nieokre\u015blony ustalany indywidualnie.<\/p>\n<p>&nbsp;<\/p>\n<table border=\"1\" width=\"680\" align=\"center\">\n<tbody>\n<tr align=\"center\">\n<td align=\"center\" width=\"180\" height=\"40\"><strong>Inne op\u0142aty<\/strong><\/td>\n<td width=\"80\"><strong>Kwota<\/strong><\/td>\n<td width=\"80\"><strong>Uwagi<\/strong><\/td>\n<\/tr>\n<tr align=\"center\">\n<td><strong>Op\u0142ata za sprz\u0119t operatora<\/strong><\/td>\n<td>0 z\u0142<\/td>\n<td>m-c<\/td>\n<\/tr>\n<tr align=\"center\">\n<td>Aktywacja us\u0142ugi<\/td>\n<td>od 10 z\u0142<\/td>\n<td>jednorazowo<\/td>\n<\/tr>\n<tr align=\"center\">\n<td>Zwi\u0119kszenie pakietu<\/td>\n<td>0 z\u0142<\/td>\n<td>jednorazowo<\/td>\n<\/tr>\n<tr align=\"center\">\n<td>Zmniejszenie pakietu<\/td>\n<td>40 z\u0142<\/td>\n<td>jednorazowo<\/td>\n<\/tr>\n<tr align=\"center\">\n<td>Sta\u0142y zewn\u0119trzny adres IP<\/td>\n<td>6 z\u0142<\/td>\n<td>m-c<\/td>\n<\/tr>\n<tr align=\"center\">\n<td>Konfiguracja routera klienckiego<\/td>\n<td>20 z\u0142<\/td>\n<td>jednorazowo<\/td>\n<\/tr>\n<tr align=\"center\">\n<td>Przeniesienie przy\u0142\u0105cza<\/td>\n<td>40 z\u0142<\/td>\n<td>jednorazowo<\/td>\n<\/tr>\n<tr align=\"center\">\n<td>Dzier\u017cawa dodatkowego routera Wi-Fi<\/td>\n<td>5 z\u0142<\/td>\n<td>m-c<\/td>\n<\/tr>\n<tr align=\"center\">\n<td>Nieuzasadnione wezwanie serwisanta<\/td>\n<td>20 z\u0142<\/td>\n<td>jednorazowo<\/td>\n<\/tr>\n<tr align=\"center\">\n<td>Uszkodzenie lub nie zwr\u00f3cenie sprz\u0119tu operatora<\/td>\n<td>300 z\u0142<\/td>\n<td>jednorazowo<\/td>\n<\/tr>\n<tr align=\"center\">\n<td>Uszkodzenie lub nie zwr\u00f3cenie zasilacza<\/td>\n<td>30 z\u0142<\/td>\n<td>jednorazowo<\/td>\n<\/tr>\n<tr align=\"center\">\n<td>Zwi\u0119kszenie pr\u0119dko\u015bci wysy\u0142ania do 5 Mbit\/s<\/td>\n<td>16 z\u0142<\/td>\n<td>m-c<\/td>\n<\/tr>\n<tr align=\"center\">\n<td>Zwi\u0119kszenie pr\u0119dko\u015bci wysy\u0142ania do 10 Mbit\/s<\/td>\n<td>26 z\u0142<\/td>\n<td>m-c<\/td>\n<\/tr>\n<\/tbody>\n<\/table>\n<p>&nbsp;<\/p>\n<div class=\"packages_box packages_box--first\">\n<h2 class=\"packages_h packages_h-2 heavy uppercase\">Wybierz pakiet<\/h2>\n<div class=\"package\">\n<p><strong><span class=\"package-name f-left\">MINI<\/span><\/strong><\/p>\n<div class=\"package-channels f-left\">Liczba kana\u0142\u00f3w: 64<br \/>\nw tym HD: 30, SD: 34<\/div>\n<div class=\"package-price f-right\">od <span class=\"bigger\"> 24,90 <\/span> z\u0142 \/ mc<\/div>\n<\/div>\n<div class=\"package\">\n<p><strong><span class=\"package-name f-left\">SMART<\/span><\/strong><\/p>\n<div class=\"package-channels f-left\">Liczba kana\u0142\u00f3w: 98<br \/>\nw tym HD: 53, SD: 45<\/div>\n<div class=\"package-price f-right\">od <span class=\"bigger\"> 39,90 <\/span> z\u0142 \/ mc<\/div>\n<div class=\"package-clear\"><\/div>\n<p><strong><span class=\"package-name f-left\">OPTIMUM<\/span><\/strong><\/p>\n<div class=\"package-channels f-left\">Liczba kana\u0142\u00f3w: 150<br \/>\nw tym HD: 80, SD: 70<\/div>\n<div class=\"package-price f-right\">od <span class=\"bigger\"> 59,90 <\/span> z\u0142 \/ mc<\/div>\n<div class=\"package-clear\"><\/div>\n<p><strong><span class=\"package-name f-left\">PLATINUM<\/span><\/strong><\/p>\n<div class=\"package-channels f-left\">Liczba kana\u0142\u00f3w: 175<br \/>\nw tym HD: 93, SD: 82<\/div>\n<div class=\"package-price f-right\">od <span class=\"bigger\"> 89,90 <\/span> z\u0142 \/ mc<\/div>\n<\/div>\n<\/div>\n<p>&nbsp;<\/p>\n<p align=\"left\"><a href=\"http:\/\/mad-net.pl\/pliki\/Regulamin_swiadczenia_uslug_mad-net.pdf\" target=\"_blank\" rel=\"noopener\">Regulamin \u015bwiadczenia uslugi dost\u0119pu do internetu.<\/a><\/p>\n<p align=\"left\"><a href=\"http:\/\/mad-net.pl\/pliki\/Wzor_umowy_mad-net.pdf\" target=\"_blank\" rel=\"noopener\">Wz\u00f3r umowy.<\/a><\/p>\n","protected":false},"excerpt":{"rendered":"<p>Cennik us\u0142ug dost\u0119pu do Internetu bezprzewodowego oraz kablowego na terenie gminy Trzebiat\u00f3w. Zasi\u0119g obejmuje m.in. miejscowo\u015bci: Mrze\u017cyno, Trzebiat\u00f3w, Nowielice, Rogowo, Zapolice, W\u0142odarka, Trzebusz, Sadlno, Rogozina, Roby, Miros\u0142awice, Gorzys\u0142aw, G\u0105bin, Bieczyno. &nbsp; Wi-Fi Internet AIR-10M Internet AIR-20M Internet AIR-30M Internet AIR-40M Internet AIR-60M Pr\u0119dko\u015b\u0107 pobierania danych: 10 Mbit\/s 20 Mbit\/s 30 Mbit\/s 40 Mbit\/s 60 Mbit\/s&hellip;<\/p>\n","protected":false},"author":1,"featured_media":0,"parent":0,"menu_order":0,"comment_status":"closed","ping_status":"closed","template":"","meta":[],"_links":{"self":[{"href":"https:\/\/madnet.dfirma.pl\/index.php?rest_route=\/wp\/v2\/pages\/51"}],"collection":[{"href":"https:\/\/madnet.dfirma.pl\/index.php?rest_route=\/wp\/v2\/pages"}],"about":[{"href":"https:\/\/madnet.dfirma.pl\/index.php?rest_route=\/wp\/v2\/types\/page"}],"author":[{"embeddable":true,"href":"https:\/\/madnet.dfirma.pl\/index.php?rest_route=\/wp\/v2\/users\/1"}],"replies":[{"embeddable":true,"href":"https:\/\/madnet.dfirma.pl\/index.php?rest_route=%2Fwp%2Fv2%2Fcomments&post=51"}],"version-history":[{"count":13,"href":"https:\/\/madnet.dfirma.pl\/index.php?rest_route=\/wp\/v2\/pages\/51\/revisions"}],"predecessor-version":[{"id":203,"href":"https:\/\/madnet.dfirma.pl\/index.php?rest_route=\/wp\/v2\/pages\/51\/revisions\/203"}],"wp:attachment":[{"href":"https:\/\/madnet.dfirma.pl\/index.php?rest_route=%2Fwp%2Fv2%2Fmedia&parent=51"}],"curies":[{"name":"wp","href":"https:\/\/api.w.org\/{rel}","templated":true}]}}