{"id":68,"date":"2017-01-19T18:02:15","date_gmt":"2017-01-19T18:02:15","guid":{"rendered":"http:\/\/madnet.dfirma.pl\/?page_id=68"},"modified":"2017-10-03T21:12:06","modified_gmt":"2017-10-03T21:12:06","slug":"home","status":"publish","type":"page","link":"https:\/\/madnet.dfirma.pl\/","title":{"rendered":"Mad-Net"},"content":{"rendered":"<p>Oferujemy szeroko poj\u0119te us\u0142ugi informatyczne dla firm i klient\u00f3w indywidualnych, us\u0142ugi bezprzewodowego i kablowego dost\u0119pu do internetu oraz telewizji.<\/p>\n","protected":false},"excerpt":{"rendered":"<p>Oferujemy szeroko poj\u0119te us\u0142ugi informatyczne dla firm i klient\u00f3w indywidualnych, us\u0142ugi bezprzewodowego i kablowego dost\u0119pu do internetu oraz telewizji.<\/p>\n","protected":false},"author":1,"featured_media":215,"parent":0,"menu_order":0,"comment_status":"closed","ping_status":"closed","template":"","meta":[],"_links":{"self":[{"href":"https:\/\/madnet.dfirma.pl\/index.php?rest_route=\/wp\/v2\/pages\/68"}],"collection":[{"href":"https:\/\/madnet.dfirma.pl\/index.php?rest_route=\/wp\/v2\/pages"}],"about":[{"href":"https:\/\/madnet.dfirma.pl\/index.php?rest_route=\/wp\/v2\/types\/page"}],"author":[{"embeddable":true,"href":"https:\/\/madnet.dfirma.pl\/index.php?rest_route=\/wp\/v2\/users\/1"}],"replies":[{"embeddable":true,"href":"https:\/\/madnet.dfirma.pl\/index.php?rest_route=%2Fwp%2Fv2%2Fcomments&post=68"}],"version-history":[{"count":4,"href":"https:\/\/madnet.dfirma.pl\/index.php?rest_route=\/wp\/v2\/pages\/68\/revisions"}],"predecessor-version":[{"id":102,"href":"https:\/\/madnet.dfirma.pl\/index.php?rest_route=\/wp\/v2\/pages\/68\/revisions\/102"}],"wp:featuredmedia":[{"embeddable":true,"href":"https:\/\/madnet.dfirma.pl\/index.php?rest_route=\/wp\/v2\/media\/215"}],"wp:attachment":[{"href":"https:\/\/madnet.dfirma.pl\/index.php?rest_route=%2Fwp%2Fv2%2Fmedia&parent=68"}],"curies":[{"name":"wp","href":"https:\/\/api.w.org\/{rel}","templated":true}]}}